
{"id":15214,"date":"2017-05-10T18:37:10","date_gmt":"2017-05-10T16:37:10","guid":{"rendered":"https:\/\/www.brickrknowledge.de\/?page_id=15214\/"},"modified":"2017-07-27T15:43:00","modified_gmt":"2017-07-27T13:43:00","slug":"educacion-infantil-y-primaria","status":"publish","type":"page","link":"https:\/\/brickrknowledge.eu\/es\/educacion\/educacion-infantil-y-primaria\/","title":{"rendered":"Educaci\u00f3n infantil y primaria"},"content":{"rendered":"<p><a href=\"https:\/\/www.brickrknowledge.de\/content\/uploads\/2017\/02\/Banner_Grundschule.jpg\"><img loading=\"lazy\" decoding=\"async\" class=\"alignnone wp-image-14354 size-large\" src=\"https:\/\/www.brickrknowledge.de\/content\/uploads\/2017\/02\/Banner_Grundschule-1024x281.jpg\" alt=\"Banner_Grundschule\" width=\"1024\" height=\"281\" srcset=\"https:\/\/brickrknowledge.eu\/content\/uploads\/2017\/02\/Banner_Grundschule-1024x281.jpg 1024w, https:\/\/brickrknowledge.eu\/content\/uploads\/2017\/02\/Banner_Grundschule-300x82.jpg 300w, https:\/\/brickrknowledge.eu\/content\/uploads\/2017\/02\/Banner_Grundschule-768x211.jpg 768w, https:\/\/brickrknowledge.eu\/content\/uploads\/2017\/02\/Banner_Grundschule-600x165.jpg 600w, https:\/\/brickrknowledge.eu\/content\/uploads\/2017\/02\/Banner_Grundschule-670x184.jpg 670w, https:\/\/brickrknowledge.eu\/content\/uploads\/2017\/02\/Banner_Grundschule-470x129.jpg 470w, https:\/\/brickrknowledge.eu\/content\/uploads\/2017\/02\/Banner_Grundschule.jpg 1820w\" sizes=\"(max-width: 1024px) 100vw, 1024px\" \/><\/a><\/p>\n<p style=\"text-align: justify;\"><strong>Temas Brick\u2019R\u2019knowledge para educaci\u00f3n infantil y primaria\u00a0<\/strong><\/p>\n<p style=\"text-align: justify;\">Conocimientos b\u00e1sicos de electr\u00f3nica y las energ\u00edas renovables son los temas que ofrecemos para la educaci\u00f3n primaria. En primer lugar los ni\u00f1os aprenden la estructura de un circuito. La ventajas de los Bricks es sobre todo su f\u00e1cil manejo. Su tama\u00f1o y la simplicidad del sistema de conexi\u00f3n tambi\u00e9n son de gran ayuda para los primeros experimentos en el campo de la electr\u00f3nica. Adem\u00e1s los ni\u00f1os puede identificar los componentes electr\u00f3nicos que se encuentran dentro de los Bricks gracias a la pegatina que lleva cada uno. Para eso no tienen que saber ni leer. El tema de las energ\u00edas renovables finalmente es apto para educaci\u00f3n infantil y primaria gracias al Set Solar. Con \u00e9l se pueden llevar a cabo muchos experimentos con los ni\u00f1os y es ideal para proyectos en grupo.<\/p>\n<p>Sets recomendados<\/p>\n<table width=\"469\">\n<tbody>\n<tr>\n<td width=\"198\"><a href=\"https:\/\/brickrknowledge.eu\/sets\/experiments\/basic-set\/\">Set Basic<\/a><a href=\"https:\/\/www.brickrknowledge.de\/content\/uploads\/2017\/02\/basic_set_verpackung.jpg\"><img loading=\"lazy\" decoding=\"async\" class=\"alignnone wp-image-14304\" src=\"https:\/\/www.brickrknowledge.de\/content\/uploads\/2017\/02\/basic_set_verpackung-300x174.jpg\" alt=\"basic_set_verpackung\" width=\"150\" height=\"87\" srcset=\"https:\/\/brickrknowledge.eu\/content\/uploads\/2017\/02\/basic_set_verpackung-300x174.jpg 300w, https:\/\/brickrknowledge.eu\/content\/uploads\/2017\/02\/basic_set_verpackung-768x446.jpg 768w, https:\/\/brickrknowledge.eu\/content\/uploads\/2017\/02\/basic_set_verpackung-1024x594.jpg 1024w, https:\/\/brickrknowledge.eu\/content\/uploads\/2017\/02\/basic_set_verpackung-600x348.jpg 600w, https:\/\/brickrknowledge.eu\/content\/uploads\/2017\/02\/basic_set_verpackung-551x320.jpg 551w, https:\/\/brickrknowledge.eu\/content\/uploads\/2017\/02\/basic_set_verpackung-470x273.jpg 470w, https:\/\/brickrknowledge.eu\/content\/uploads\/2017\/02\/basic_set_verpackung.jpg 1146w\" sizes=\"(max-width: 150px) 100vw, 150px\" \/><\/a><\/td>\n<td style=\"text-align: justify;\" width=\"271\">El Set B\u00e1sico de Brick\u2019R\u2019knowledge ofrece una introducci\u00f3n sencilla a la electr\u00f3nica y muestra con sus 19 Bricks las variables y funciones m\u00e1s importantes. Con este Set Usted o sus hijos pasar\u00e1n a ser miembros oficiales de la generaci\u00f3n Maker. Es ideal para principiantes ya que se pueden realizar circuitos simples, as\u00ed como alg\u00fan que otro complejo. Brick\u2019R\u2019knowledge es un sistema de aprendizaje y experimentaci\u00f3n abierto, que se adapta a las necesidades individuales. El sistema se utiliza para el enriquecimiento efectivo de conocimientos de electr\u00f3nica, que pueden transmitirse a la generaci\u00f3n m\u00e1s joven de una manera l\u00fadica. Quien desee dedicarse a largo plazo a la electr\u00f3nica encontrar\u00e1 en el Set B\u00e1sico el tutorial apropiado.<\/td>\n<\/tr>\n<tr>\n<td><a href=\"https:\/\/brickrknowledge.eu\/sets\/experiments\/solar-set\/\">Set Solar<\/a><a href=\"https:\/\/www.brickrknowledge.de\/content\/uploads\/2017\/02\/solar_set_verpackung.jpg\"><img loading=\"lazy\" decoding=\"async\" class=\"alignnone wp-image-14310\" src=\"https:\/\/www.brickrknowledge.de\/content\/uploads\/2017\/02\/solar_set_verpackung-300x183.jpg\" alt=\"solar_set_verpackung\" width=\"151\" height=\"92\" srcset=\"https:\/\/brickrknowledge.eu\/content\/uploads\/2017\/02\/solar_set_verpackung-300x183.jpg 300w, https:\/\/brickrknowledge.eu\/content\/uploads\/2017\/02\/solar_set_verpackung-768x469.jpg 768w, https:\/\/brickrknowledge.eu\/content\/uploads\/2017\/02\/solar_set_verpackung-600x366.jpg 600w, https:\/\/brickrknowledge.eu\/content\/uploads\/2017\/02\/solar_set_verpackung-825x510.jpg 825w, https:\/\/brickrknowledge.eu\/content\/uploads\/2017\/02\/solar_set_verpackung-524x320.jpg 524w, https:\/\/brickrknowledge.eu\/content\/uploads\/2017\/02\/solar_set_verpackung-470x287.jpg 470w, https:\/\/brickrknowledge.eu\/content\/uploads\/2017\/02\/solar_set_verpackung.jpg 943w\" sizes=\"(max-width: 151px) 100vw, 151px\" \/><\/a><\/td>\n<td style=\"text-align: justify;\" width=\"271\">El Set Solar de Brick\u2019R\u2019knowledge garantiza diversi\u00f3n total para toda la familia y acerca a los ni\u00f1os de manera l\u00fadica a las energ\u00edas renovables. \u00bfC\u00f3mo funciona una c\u00e9lula solar? \u00bfC\u00f3mo acumula energ\u00eda una bater\u00eda? \u00bfC\u00f3mo se construye una luz nocturna con sensor de movimiento? A estas y muchas m\u00e1s preguntas el Set Solar tendr\u00e1 las repuestas correspondientes. Con este Set Usted y sus hijos pasar\u00e1n a ser miembros oficiales de la generaci\u00f3n Maker.<\/td>\n<\/tr>\n<\/tbody>\n<\/table>\n<p>&nbsp;<\/p>\n","protected":false},"excerpt":{"rendered":"<p>Temas Brick\u2019R\u2019knowledge para educaci\u00f3n infantil y primaria\u00a0 Conocimientos b\u00e1sicos de electr\u00f3nica y las energ\u00edas renovables son los temas que ofrecemos para la educaci\u00f3n primaria. En primer lugar los ni\u00f1os aprenden la estructura de un circuito. La ventajas de los Bricks es sobre todo su f\u00e1cil manejo. Su tama\u00f1o y la simplicidad del sistema de conexi\u00f3n [&hellip;]<\/p>\n","protected":false},"author":2,"featured_media":0,"parent":15219,"menu_order":0,"comment_status":"closed","ping_status":"closed","template":"","meta":{"footnotes":""},"categories":[],"tags":[],"class_list":["post-15214","page","type-page","status-publish","hentry"],"yoast_head":"<!-- This site is optimized with the Yoast SEO plugin v23.3 - https:\/\/yoast.com\/wordpress\/plugins\/seo\/ -->\n<title>Educaci\u00f3n infantil y primaria - Brick&#039;R&#039;knowledge<\/title>\n<meta name=\"robots\" content=\"index, follow, max-snippet:-1, max-image-preview:large, max-video-preview:-1\" \/>\n<link rel=\"canonical\" href=\"https:\/\/www.brickrknowledge.de\/es\/educacion\/educacion-infantil-y-primaria\/\" \/>\n<meta property=\"og:locale\" content=\"es_ES\" \/>\n<meta property=\"og:type\" content=\"article\" \/>\n<meta property=\"og:title\" content=\"Educaci\u00f3n infantil y primaria - Brick&#039;R&#039;knowledge\" \/>\n<meta property=\"og:description\" content=\"Temas Brick\u2019R\u2019knowledge para educaci\u00f3n infantil y primaria\u00a0 Conocimientos b\u00e1sicos de electr\u00f3nica y las energ\u00edas renovables son los temas que ofrecemos para la educaci\u00f3n primaria. En primer lugar los ni\u00f1os aprenden la estructura de un circuito. La ventajas de los Bricks es sobre todo su f\u00e1cil manejo. Su tama\u00f1o y la simplicidad del sistema de conexi\u00f3n [&hellip;]\" \/>\n<meta property=\"og:url\" content=\"https:\/\/www.brickrknowledge.de\/es\/educacion\/educacion-infantil-y-primaria\/\" \/>\n<meta property=\"og:site_name\" content=\"Brick&#039;R&#039;knowledge\" \/>\n<meta property=\"article:publisher\" content=\"https:\/\/www.facebook.com\/BrickRknowledge\" \/>\n<meta property=\"article:modified_time\" content=\"2017-07-27T13:43:00+00:00\" \/>\n<meta property=\"og:image\" content=\"https:\/\/www.brickrknowledge.de\/content\/uploads\/2017\/02\/Banner_Grundschule-1024x281.jpg\" \/>\n<meta name=\"twitter:card\" content=\"summary_large_image\" \/>\n<meta name=\"twitter:site\" content=\"@brickrknowledge\" \/>\n<meta name=\"twitter:label1\" content=\"Est. reading time\" \/>\n\t<meta name=\"twitter:data1\" content=\"2 minutes\" \/>\n<script type=\"application\/ld+json\" class=\"yoast-schema-graph\">{\"@context\":\"https:\/\/schema.org\",\"@graph\":[{\"@type\":\"WebPage\",\"@id\":\"https:\/\/www.brickrknowledge.de\/es\/educacion\/educacion-infantil-y-primaria\/\",\"url\":\"https:\/\/www.brickrknowledge.de\/es\/educacion\/educacion-infantil-y-primaria\/\",\"name\":\"Educaci\u00f3n infantil y primaria - Brick&#039;R&#039;knowledge\",\"isPartOf\":{\"@id\":\"https:\/\/brickrknowledge.de\/zh-hans\/#website\"},\"primaryImageOfPage\":{\"@id\":\"https:\/\/www.brickrknowledge.de\/es\/educacion\/educacion-infantil-y-primaria\/#primaryimage\"},\"image\":{\"@id\":\"https:\/\/www.brickrknowledge.de\/es\/educacion\/educacion-infantil-y-primaria\/#primaryimage\"},\"thumbnailUrl\":\"https:\/\/www.brickrknowledge.de\/content\/uploads\/2017\/02\/Banner_Grundschule-1024x281.jpg\",\"datePublished\":\"2017-05-10T16:37:10+00:00\",\"dateModified\":\"2017-07-27T13:43:00+00:00\",\"breadcrumb\":{\"@id\":\"https:\/\/www.brickrknowledge.de\/es\/educacion\/educacion-infantil-y-primaria\/#breadcrumb\"},\"inLanguage\":\"es-ES\",\"potentialAction\":[{\"@type\":\"ReadAction\",\"target\":[\"https:\/\/www.brickrknowledge.de\/es\/educacion\/educacion-infantil-y-primaria\/\"]}]},{\"@type\":\"ImageObject\",\"inLanguage\":\"es-ES\",\"@id\":\"https:\/\/www.brickrknowledge.de\/es\/educacion\/educacion-infantil-y-primaria\/#primaryimage\",\"url\":\"https:\/\/www.brickrknowledge.de\/content\/uploads\/2017\/02\/Banner_Grundschule-1024x281.jpg\",\"contentUrl\":\"https:\/\/www.brickrknowledge.de\/content\/uploads\/2017\/02\/Banner_Grundschule-1024x281.jpg\"},{\"@type\":\"BreadcrumbList\",\"@id\":\"https:\/\/www.brickrknowledge.de\/es\/educacion\/educacion-infantil-y-primaria\/#breadcrumb\",\"itemListElement\":[{\"@type\":\"ListItem\",\"position\":1,\"name\":\"Home\",\"item\":\"https:\/\/forum.brickrknowledge.eu\/es\/\"},{\"@type\":\"ListItem\",\"position\":2,\"name\":\"Educaci\u00f3n\",\"item\":\"https:\/\/forum.brickrknowledge.com\/es\/educacion\/\"},{\"@type\":\"ListItem\",\"position\":3,\"name\":\"Educaci\u00f3n infantil y primaria\"}]},{\"@type\":\"WebSite\",\"@id\":\"https:\/\/brickrknowledge.de\/zh-hans\/#website\",\"url\":\"https:\/\/brickrknowledge.de\/zh-hans\/\",\"name\":\"Brick&#039;R&#039;knowledge\",\"description\":\"\",\"potentialAction\":[{\"@type\":\"SearchAction\",\"target\":{\"@type\":\"EntryPoint\",\"urlTemplate\":\"https:\/\/brickrknowledge.de\/zh-hans\/?s={search_term_string}\"},\"query-input\":\"required name=search_term_string\"}],\"inLanguage\":\"es-ES\"}]}<\/script>\n<!-- \/ Yoast SEO plugin. -->","yoast_head_json":{"title":"Educaci\u00f3n infantil y primaria - Brick&#039;R&#039;knowledge","robots":{"index":"index","follow":"follow","max-snippet":"max-snippet:-1","max-image-preview":"max-image-preview:large","max-video-preview":"max-video-preview:-1"},"canonical":"https:\/\/www.brickrknowledge.de\/es\/educacion\/educacion-infantil-y-primaria\/","og_locale":"es_ES","og_type":"article","og_title":"Educaci\u00f3n infantil y primaria - Brick&#039;R&#039;knowledge","og_description":"Temas Brick\u2019R\u2019knowledge para educaci\u00f3n infantil y primaria\u00a0 Conocimientos b\u00e1sicos de electr\u00f3nica y las energ\u00edas renovables son los temas que ofrecemos para la educaci\u00f3n primaria. En primer lugar los ni\u00f1os aprenden la estructura de un circuito. La ventajas de los Bricks es sobre todo su f\u00e1cil manejo. Su tama\u00f1o y la simplicidad del sistema de conexi\u00f3n [&hellip;]","og_url":"https:\/\/www.brickrknowledge.de\/es\/educacion\/educacion-infantil-y-primaria\/","og_site_name":"Brick&#039;R&#039;knowledge","article_publisher":"https:\/\/www.facebook.com\/BrickRknowledge","article_modified_time":"2017-07-27T13:43:00+00:00","og_image":[{"url":"https:\/\/www.brickrknowledge.de\/content\/uploads\/2017\/02\/Banner_Grundschule-1024x281.jpg"}],"twitter_card":"summary_large_image","twitter_site":"@brickrknowledge","twitter_misc":{"Est. reading time":"2 minutes"},"schema":{"@context":"https:\/\/schema.org","@graph":[{"@type":"WebPage","@id":"https:\/\/www.brickrknowledge.de\/es\/educacion\/educacion-infantil-y-primaria\/","url":"https:\/\/www.brickrknowledge.de\/es\/educacion\/educacion-infantil-y-primaria\/","name":"Educaci\u00f3n infantil y primaria - Brick&#039;R&#039;knowledge","isPartOf":{"@id":"https:\/\/brickrknowledge.de\/zh-hans\/#website"},"primaryImageOfPage":{"@id":"https:\/\/www.brickrknowledge.de\/es\/educacion\/educacion-infantil-y-primaria\/#primaryimage"},"image":{"@id":"https:\/\/www.brickrknowledge.de\/es\/educacion\/educacion-infantil-y-primaria\/#primaryimage"},"thumbnailUrl":"https:\/\/www.brickrknowledge.de\/content\/uploads\/2017\/02\/Banner_Grundschule-1024x281.jpg","datePublished":"2017-05-10T16:37:10+00:00","dateModified":"2017-07-27T13:43:00+00:00","breadcrumb":{"@id":"https:\/\/www.brickrknowledge.de\/es\/educacion\/educacion-infantil-y-primaria\/#breadcrumb"},"inLanguage":"es-ES","potentialAction":[{"@type":"ReadAction","target":["https:\/\/www.brickrknowledge.de\/es\/educacion\/educacion-infantil-y-primaria\/"]}]},{"@type":"ImageObject","inLanguage":"es-ES","@id":"https:\/\/www.brickrknowledge.de\/es\/educacion\/educacion-infantil-y-primaria\/#primaryimage","url":"https:\/\/www.brickrknowledge.de\/content\/uploads\/2017\/02\/Banner_Grundschule-1024x281.jpg","contentUrl":"https:\/\/www.brickrknowledge.de\/content\/uploads\/2017\/02\/Banner_Grundschule-1024x281.jpg"},{"@type":"BreadcrumbList","@id":"https:\/\/www.brickrknowledge.de\/es\/educacion\/educacion-infantil-y-primaria\/#breadcrumb","itemListElement":[{"@type":"ListItem","position":1,"name":"Home","item":"https:\/\/forum.brickrknowledge.eu\/es\/"},{"@type":"ListItem","position":2,"name":"Educaci\u00f3n","item":"https:\/\/forum.brickrknowledge.com\/es\/educacion\/"},{"@type":"ListItem","position":3,"name":"Educaci\u00f3n infantil y primaria"}]},{"@type":"WebSite","@id":"https:\/\/brickrknowledge.de\/zh-hans\/#website","url":"https:\/\/brickrknowledge.de\/zh-hans\/","name":"Brick&#039;R&#039;knowledge","description":"","potentialAction":[{"@type":"SearchAction","target":{"@type":"EntryPoint","urlTemplate":"https:\/\/brickrknowledge.de\/zh-hans\/?s={search_term_string}"},"query-input":"required name=search_term_string"}],"inLanguage":"es-ES"}]}},"_links":{"self":[{"href":"https:\/\/brickrknowledge.eu\/es\/wp-json\/wp\/v2\/pages\/15214"}],"collection":[{"href":"https:\/\/brickrknowledge.eu\/es\/wp-json\/wp\/v2\/pages"}],"about":[{"href":"https:\/\/brickrknowledge.eu\/es\/wp-json\/wp\/v2\/types\/page"}],"author":[{"embeddable":true,"href":"https:\/\/brickrknowledge.eu\/es\/wp-json\/wp\/v2\/users\/2"}],"replies":[{"embeddable":true,"href":"https:\/\/brickrknowledge.eu\/es\/wp-json\/wp\/v2\/comments?post=15214"}],"version-history":[{"count":0,"href":"https:\/\/brickrknowledge.eu\/es\/wp-json\/wp\/v2\/pages\/15214\/revisions"}],"up":[{"embeddable":true,"href":"https:\/\/brickrknowledge.eu\/es\/wp-json\/wp\/v2\/pages\/15219"}],"wp:attachment":[{"href":"https:\/\/brickrknowledge.eu\/es\/wp-json\/wp\/v2\/media?parent=15214"}],"wp:term":[{"taxonomy":"category","embeddable":true,"href":"https:\/\/brickrknowledge.eu\/es\/wp-json\/wp\/v2\/categories?post=15214"},{"taxonomy":"post_tag","embeddable":true,"href":"https:\/\/brickrknowledge.eu\/es\/wp-json\/wp\/v2\/tags?post=15214"}],"curies":[{"name":"wp","href":"https:\/\/api.w.org\/{rel}","templated":true}]}}